{"id":3236,"date":"2021-09-25T14:18:53","date_gmt":"2021-09-25T14:18:53","guid":{"rendered":"https:\/\/test1-multi-marketeer.nl\/?page_id=3236"},"modified":"2021-12-23T18:15:50","modified_gmt":"2021-12-23T18:15:50","slug":"voorraadbeheer-in-real-time","status":"publish","type":"page","link":"https:\/\/haydigo.com\/nl\/voorraadbeheer-in-real-time\/","title":{"rendered":"Voorraadbeheer in real-time"},"content":{"rendered":"<p>[et_pb_section fb_built=&#8221;1&#8243; custom_padding_last_edited=&#8221;on|tablet&#8221; _builder_version=&#8221;4.11.1&#8243; _module_preset=&#8221;default&#8221; background_image=&#8221;https:\/\/haydigo.com\/wp-content\/uploads\/2021\/09\/6.png&#8221; width=&#8221;100%&#8221; width_tablet=&#8221;100%&#8221; width_phone=&#8221;100%&#8221; width_last_edited=&#8221;on|phone&#8221; max_width=&#8221;100%&#8221; custom_margin=&#8221;0px||0px||false|false&#8221; custom_padding=&#8221;63px|9vw|0px|9vw|false|true&#8221; custom_padding_tablet=&#8221;|10px||10px|false|false&#8221; custom_padding_phone=&#8221;|10px||10px|false|true&#8221; background_last_edited=&#8221;on|phone&#8221; background_size_phone=&#8221;initial&#8221; background_position_phone=&#8221;bottom_right&#8221; locked=&#8221;off&#8221; global_colors_info=&#8221;{}&#8221;][et_pb_row custom_padding_last_edited=&#8221;on|tablet&#8221; _builder_version=&#8221;4.11.1&#8243; _module_preset=&#8221;default&#8221; width=&#8221;100%&#8221; width_tablet=&#8221;100%&#8221; width_phone=&#8221;100%&#8221; width_last_edited=&#8221;on|desktop&#8221; max_width=&#8221;100%&#8221; module_alignment=&#8221;center&#8221; custom_padding=&#8221;2vw||2vw||true|false&#8221; custom_padding_tablet=&#8221;80px||80px||true|false&#8221; custom_padding_phone=&#8221;70px||50px||false|false&#8221; global_colors_info=&#8221;{}&#8221;][et_pb_column type=&#8221;4_4&#8243; _builder_version=&#8221;4.10.6&#8243; _module_preset=&#8221;default&#8221; global_colors_info=&#8221;{}&#8221;][et_pb_text _builder_version=&#8221;4.14.1&#8243; _module_preset=&#8221;default&#8221; text_font=&#8221;Poppins||||||||&#8221; text_text_color=&#8221;#ff8973&#8243; text_font_size=&#8221;1.3vw&#8221; text_orientation=&#8221;center&#8221; custom_margin=&#8221;0px||15px||false|false&#8221; text_font_size_tablet=&#8221;18px&#8221; text_font_size_phone=&#8221;18px&#8221; text_font_size_last_edited=&#8221;on|tablet&#8221; global_colors_info=&#8221;{}&#8221;]<\/p>\n<div class=\"page-subtitle\">Real-time<\/div>\n<p>[\/et_pb_text][et_pb_text _builder_version=&#8221;4.11.1&#8243; _module_preset=&#8221;default&#8221; header_font=&#8221;Poppins||||||||&#8221; header_text_align=&#8221;center&#8221; header_text_color=&#8221;#58488A&#8221; header_font_size=&#8221;4vw&#8221; custom_margin=&#8221;0px||0px||false|false&#8221; custom_padding=&#8221;0px||0px||false|false&#8221; header_font_size_tablet=&#8221;28px&#8221; header_font_size_phone=&#8221;28px&#8221; header_font_size_last_edited=&#8221;on|phone&#8221; global_colors_info=&#8221;{}&#8221;]<\/p>\n<h1><span>Voorraadbeheer<\/span><\/h1>\n<p>[\/et_pb_text][\/et_pb_column][\/et_pb_row][\/et_pb_section][et_pb_section fb_built=&#8221;1&#8243; custom_padding_last_edited=&#8221;on|tablet&#8221; _builder_version=&#8221;4.11.1&#8243; _module_preset=&#8221;default&#8221; background_enable_image=&#8221;off&#8221; width=&#8221;100%&#8221; width_tablet=&#8221;100%&#8221; width_phone=&#8221;100%&#8221; width_last_edited=&#8221;on|phone&#8221; max_width=&#8221;100%&#8221; custom_margin=&#8221;0px||0px||false|false&#8221; custom_padding=&#8221;1vw|9vw|1vw|9vw|true|true&#8221; custom_padding_tablet=&#8221;|10px||10px|false|false&#8221; custom_padding_phone=&#8221;|10px||10px|false|true&#8221; background_last_edited=&#8221;on|phone&#8221; background_size_phone=&#8221;initial&#8221; background_position_phone=&#8221;bottom_right&#8221; locked=&#8221;off&#8221; global_colors_info=&#8221;{}&#8221;][et_pb_row custom_padding_last_edited=&#8221;on|desktop&#8221; disabled_on=&#8221;off|off|off&#8221; module_class=&#8221;reverse&#8221; _builder_version=&#8221;4.14.1&#8243; _module_preset=&#8221;default&#8221; background_enable_color=&#8221;off&#8221; width=&#8221;70%&#8221; max_width=&#8221;100%&#8221; max_width_tablet=&#8221;100%&#8221; max_width_phone=&#8221;100%&#8221; max_width_last_edited=&#8221;on|desktop&#8221; custom_margin=&#8221;||||false|false&#8221; custom_padding=&#8221;|10px|0px|10px|false|true&#8221; custom_padding_tablet=&#8221;35px|10px|0px|10px|false|true&#8221; custom_padding_phone=&#8221;35px|10px|0px|10px|false|true&#8221; animation_style=&#8221;slide&#8221; animation_direction=&#8221;right&#8221; global_colors_info=&#8221;{}&#8221;][et_pb_column type=&#8221;4_4&#8243; _builder_version=&#8221;4.11.1&#8243; _module_preset=&#8221;default&#8221; global_colors_info=&#8221;{}&#8221;][et_pb_text _builder_version=&#8221;4.11.1&#8243; _module_preset=&#8221;default&#8221; link_font=&#8221;Poppins|500|||||||&#8221; link_font_size=&#8221;1.95vw&#8221; header_2_font=&#8221;Poppins||||||||&#8221; header_2_text_color=&#8221;#58488a&#8221; header_2_font_size=&#8221;1.95vw&#8221; custom_margin=&#8221;||20px||false|false&#8221; link_font_size_tablet=&#8221;30px&#8221; link_font_size_phone=&#8221;&#8221; link_font_size_last_edited=&#8221;on|tablet&#8221; header_2_font_size_tablet=&#8221;30px&#8221; header_2_font_size_phone=&#8221;30px&#8221; header_2_font_size_last_edited=&#8221;on|phone&#8221; global_colors_info=&#8221;{}&#8221; link_text_color__hover_enabled=&#8221;on|hover&#8221; link_text_color__hover=&#8221;#f48973&#8243;]<\/p>\n<h2 class=\"title text-left\">Realtime Voorraadbeheer<\/h2>\n<p>[\/et_pb_text][et_pb_text _builder_version=&#8221;4.14.1&#8243; _module_preset=&#8221;default&#8221; text_font=&#8221;Poppins||||||||&#8221; text_text_color=&#8221;#898595&#8243; text_line_height=&#8221;1.9em&#8221; text_orientation=&#8221;center&#8221; width=&#8221;100%&#8221; custom_margin=&#8221;0.97vw||0.97vw||true|false&#8221; custom_margin_tablet=&#8221;15px||15px||false|false&#8221; custom_margin_phone=&#8221;15px||15px||true|false&#8221; custom_margin_last_edited=&#8221;on|phone&#8221; text_font_size_tablet=&#8221;18px&#8221; text_font_size_phone=&#8221;18px&#8221; text_font_size_last_edited=&#8221;on|desktop&#8221; global_colors_info=&#8221;{}&#8221;]<\/p>\n<div style=\"text-align: left;\"><span>Een voorraadtekort is vervelend voor veel handelaars en winkels. Nadat u uw klant heeft verteld dat een product in overvloed beschikbaar is, is het ongemakkelijk om te horen dat u het product niet op voorraad hebt.<\/span><\/div>\n<div><span>\u00a0<\/span><\/div>\n<div style=\"text-align: left;\"><span>HaydiGO\u2019s realtime voorraadbeheer-oplossing elimineert deze lastige situatie. HaydiGO zorgt ervoor dat uw inventaris voortdurend automatisch wordt bijgewerkt en controleert onmiddellijk uw voorraad zonder dat u nog meer hoeft te doen.<\/span><\/div>\n<p>[\/et_pb_text][\/et_pb_column][\/et_pb_row][et_pb_row custom_padding_last_edited=&#8221;on|desktop&#8221; disabled_on=&#8221;off|off|off&#8221; module_class=&#8221;reverse&#8221; _builder_version=&#8221;4.14.1&#8243; _module_preset=&#8221;default&#8221; background_enable_color=&#8221;off&#8221; width=&#8221;70%&#8221; max_width=&#8221;100%&#8221; max_width_tablet=&#8221;100%&#8221; max_width_phone=&#8221;100%&#8221; max_width_last_edited=&#8221;on|desktop&#8221; custom_margin=&#8221;||||false|false&#8221; custom_padding=&#8221;|10px|1px|10px|false|true&#8221; custom_padding_tablet=&#8221;35px|10px|0px|10px|false|true&#8221; custom_padding_phone=&#8221;35px|10px|0px|10px|false|true&#8221; animation_style=&#8221;slide&#8221; animation_direction=&#8221;right&#8221; global_colors_info=&#8221;{}&#8221;][et_pb_column type=&#8221;4_4&#8243; _builder_version=&#8221;4.11.1&#8243; _module_preset=&#8221;default&#8221; global_colors_info=&#8221;{}&#8221;][et_pb_text _builder_version=&#8221;4.11.1&#8243; _module_preset=&#8221;default&#8221; link_font=&#8221;Poppins|500|||||||&#8221; link_font_size=&#8221;1.95vw&#8221; header_2_font=&#8221;Poppins||||||||&#8221; header_2_text_color=&#8221;#58488a&#8221; header_2_font_size=&#8221;1.95vw&#8221; custom_margin=&#8221;||20px||false|false&#8221; link_font_size_tablet=&#8221;30px&#8221; link_font_size_phone=&#8221;&#8221; link_font_size_last_edited=&#8221;on|tablet&#8221; header_2_font_size_tablet=&#8221;30px&#8221; header_2_font_size_phone=&#8221;30px&#8221; header_2_font_size_last_edited=&#8221;on|phone&#8221; global_colors_info=&#8221;{}&#8221; link_text_color__hover_enabled=&#8221;on|hover&#8221; link_text_color__hover=&#8221;#f48973&#8243;]<\/p>\n<h2>Functies van het HaydiGO Voorraadbeheersysteem<\/h2>\n<p>[\/et_pb_text][et_pb_text _builder_version=&#8221;4.11.1&#8243; _module_preset=&#8221;default&#8221; locked=&#8221;off&#8221; global_colors_info=&#8221;{}&#8221;]<\/p>\n<h4 style=\"color: #58488a; text-align: left;\">Integratie van PIM en WMS<\/h4>\n<p span=\"\" style=\"color: #898595; text-align: left;\"><span>De PIM- en WMS-integratie van HaydiGO maakt het eenvoudig om uw voorraad te beheren. Het is heel eenvoudig om producten van het PIM-systeem over te zetten naar het WMS en al uw datastromen vanuit \u00e9\u00e9n hub te beheren. Met de ge\u00efntegreerde structuur van HaydiGO is realtime voorraadbeheer volgen geen gedoe.<\/span><\/p>\n<p>[\/et_pb_text][et_pb_text _builder_version=&#8221;4.11.1&#8243; _module_preset=&#8221;default&#8221; locked=&#8221;off&#8221; global_colors_info=&#8221;{}&#8221;]<\/p>\n<h4 style=\"color: #58488a; text-align: left;\">In Real-time<\/h4>\n<p span=\"\" style=\"color: #898595; text-align: left;\"><span>In veel oplossingen voor magazijnbeheer is het een grote inspanning om eerdere transacties bij te werken en de huidige status vast te leggen. HaydiGO werkt in real-time. Met deze aanpak kunt u de status van uw voorraad meteen zien. Dus in plaats van te volgen wat er gebeurt, kunt u tijd aan uw planning besteden.<\/span><\/p>\n<p>[\/et_pb_text][et_pb_text _builder_version=&#8221;4.11.1&#8243; _module_preset=&#8221;default&#8221; locked=&#8221;off&#8221; global_colors_info=&#8221;{}&#8221;]<\/p>\n<h4 style=\"color: #58488a; text-align: left;\">Veilig via Blockchain en onveranderlijke datastructuur<\/h4>\n<p span=\"\" style=\"color: #898595; text-align: left;\"><span>Met HaydiGO\u2019s oplossing voor voorraadbeheer worden uw gegevens tegelijkertijd opgeslagen in de blockchain-infrastructuur of als onveranderlijke gegevens. De gegevens die zijn opgeslagen in onze infrastructuur kunnen niet gereset of verwijderd worden. Dit zorgt voor de consistentie van uw gegevens door alle gegevens te laten onderzoeken in geval van een probleem. Momenteel wordt blockchain-integratie alleen aangeboden in ons speciale bedrijfslicentiemodel. Andere licentiemodellen gebruiken onze veilige onveranderlijke gegevensstructuur.<\/span><\/p>\n<p>&nbsp;<\/p>\n<p>[\/et_pb_text][et_pb_text _builder_version=&#8221;4.11.1&#8243; _module_preset=&#8221;default&#8221; locked=&#8221;off&#8221; global_colors_info=&#8221;{}&#8221;]<\/p>\n<p span=\"\" style=\"color: #898595; text-align: center;\">Interesse in onze realtime voorraadbeheer? Neem <a href=\"https:\/\/haydigo.com\/contact\/\">contact<\/a> op met ons team!<\/p>\n<p>&nbsp;<\/p>\n<p>[\/et_pb_text][\/et_pb_column][\/et_pb_row][\/et_pb_section]<\/p>\n","protected":false},"excerpt":{"rendered":"<p>Real-timeVoorraadbeheerRealtime VoorraadbeheerEen voorraadtekort is vervelend voor veel handelaars en winkels. Nadat u uw klant heeft verteld dat een product in overvloed beschikbaar is, is het ongemakkelijk om te horen dat u het product niet op voorraad hebt. \u00a0 HaydiGO\u2019s realtime voorraadbeheer-oplossing elimineert deze lastige situatie. HaydiGO zorgt ervoor dat uw inventaris voortdurend automatisch wordt bijgewerkt [&hellip;]<\/p>\n","protected":false},"author":5,"featured_media":0,"parent":0,"menu_order":0,"comment_status":"closed","ping_status":"closed","template":"","meta":{"_et_pb_use_builder":"on","_et_pb_old_content":"","_et_gb_content_width":"","content-type":""},"categories":[],"tags":[],"yoast_head":"<!-- This site is optimized with the Yoast SEO Premium plugin v19.7 (Yoast SEO v19.14) - https:\/\/yoast.com\/wordpress\/plugins\/seo\/ -->\n<title>Realtime Voorraadbeheer voor fysieke en online winkels - HaydiGO<\/title>\n<meta name=\"description\" content=\"HaydiGO&#039;s realtime voorraadbeheer-oplossing elimineert lastige situaties tussen klant en voorraad. Bekijk alle mogelijkheden!\" \/>\n<meta name=\"robots\" content=\"index, follow, max-snippet:-1, max-image-preview:large, max-video-preview:-1\" \/>\n<link rel=\"canonical\" href=\"https:\/\/haydigo.com\/nl\/voorraadbeheer-in-real-time\/\" \/>\n<meta property=\"og:locale\" content=\"nl_NL\" \/>\n<meta property=\"og:type\" content=\"article\" \/>\n<meta property=\"og:title\" content=\"Voorraadbeheer in real-time\" \/>\n<meta property=\"og:description\" content=\"HaydiGO&#039;s realtime voorraadbeheer-oplossing elimineert lastige situaties tussen klant en voorraad. Bekijk alle mogelijkheden!\" \/>\n<meta property=\"og:url\" content=\"https:\/\/haydigo.com\/nl\/voorraadbeheer-in-real-time\/\" \/>\n<meta property=\"og:site_name\" content=\"HaydiGO\" \/>\n<meta property=\"article:modified_time\" content=\"2021-12-23T18:15:50+00:00\" \/>\n<meta name=\"twitter:card\" content=\"summary_large_image\" \/>\n<meta name=\"twitter:label1\" content=\"Geschatte leestijd\" \/>\n\t<meta name=\"twitter:data1\" content=\"6 minuten\" \/>\n<script type=\"application\/ld+json\" class=\"yoast-schema-graph\">{\"@context\":\"https:\/\/schema.org\",\"@graph\":[{\"@type\":\"WebPage\",\"@id\":\"https:\/\/haydigo.com\/nl\/voorraadbeheer-in-real-time\/\",\"url\":\"https:\/\/haydigo.com\/nl\/voorraadbeheer-in-real-time\/\",\"name\":\"Realtime Voorraadbeheer voor fysieke en online winkels - HaydiGO\",\"isPartOf\":{\"@id\":\"https:\/\/haydigo.com\/nl\/#website\"},\"datePublished\":\"2021-09-25T14:18:53+00:00\",\"dateModified\":\"2021-12-23T18:15:50+00:00\",\"description\":\"HaydiGO's realtime voorraadbeheer-oplossing elimineert lastige situaties tussen klant en voorraad. Bekijk alle mogelijkheden!\",\"breadcrumb\":{\"@id\":\"https:\/\/haydigo.com\/nl\/voorraadbeheer-in-real-time\/#breadcrumb\"},\"inLanguage\":\"nl\",\"potentialAction\":[{\"@type\":\"ReadAction\",\"target\":[\"https:\/\/haydigo.com\/nl\/voorraadbeheer-in-real-time\/\"]}]},{\"@type\":\"BreadcrumbList\",\"@id\":\"https:\/\/haydigo.com\/nl\/voorraadbeheer-in-real-time\/#breadcrumb\",\"itemListElement\":[{\"@type\":\"ListItem\",\"position\":1,\"name\":\"Home\",\"item\":\"https:\/\/haydigo.com\/nl\/thuis\/\"},{\"@type\":\"ListItem\",\"position\":2,\"name\":\"Voorraadbeheer in real-time\"}]},{\"@type\":\"WebSite\",\"@id\":\"https:\/\/haydigo.com\/nl\/#website\",\"url\":\"https:\/\/haydigo.com\/nl\/\",\"name\":\"HaydiGO\",\"description\":\"WMS, PIM, Channel manager\",\"publisher\":{\"@id\":\"https:\/\/haydigo.com\/nl\/#organization\"},\"potentialAction\":[{\"@type\":\"SearchAction\",\"target\":{\"@type\":\"EntryPoint\",\"urlTemplate\":\"https:\/\/haydigo.com\/nl\/?s={search_term_string}\"},\"query-input\":\"required name=search_term_string\"}],\"inLanguage\":\"nl\"},{\"@type\":\"Organization\",\"@id\":\"https:\/\/haydigo.com\/nl\/#organization\",\"name\":\"HaydiGO B.V.\",\"url\":\"https:\/\/haydigo.com\/nl\/\",\"logo\":{\"@type\":\"ImageObject\",\"inLanguage\":\"nl\",\"@id\":\"https:\/\/haydigo.com\/nl\/#\/schema\/logo\/image\/\",\"url\":\"https:\/\/haydigo.com\/wp-content\/uploads\/2021\/09\/haydigo_logo.png\",\"contentUrl\":\"https:\/\/haydigo.com\/wp-content\/uploads\/2021\/09\/haydigo_logo.png\",\"width\":199,\"height\":47,\"caption\":\"HaydiGO B.V.\"},\"image\":{\"@id\":\"https:\/\/haydigo.com\/nl\/#\/schema\/logo\/image\/\"}}]}<\/script>\n<!-- \/ Yoast SEO Premium plugin. -->","yoast_head_json":{"title":"Realtime Voorraadbeheer voor fysieke en online winkels - HaydiGO","description":"HaydiGO's realtime voorraadbeheer-oplossing elimineert lastige situaties tussen klant en voorraad. Bekijk alle mogelijkheden!","robots":{"index":"index","follow":"follow","max-snippet":"max-snippet:-1","max-image-preview":"max-image-preview:large","max-video-preview":"max-video-preview:-1"},"canonical":"https:\/\/haydigo.com\/nl\/voorraadbeheer-in-real-time\/","og_locale":"nl_NL","og_type":"article","og_title":"Voorraadbeheer in real-time","og_description":"HaydiGO's realtime voorraadbeheer-oplossing elimineert lastige situaties tussen klant en voorraad. Bekijk alle mogelijkheden!","og_url":"https:\/\/haydigo.com\/nl\/voorraadbeheer-in-real-time\/","og_site_name":"HaydiGO","article_modified_time":"2021-12-23T18:15:50+00:00","twitter_card":"summary_large_image","twitter_misc":{"Geschatte leestijd":"6 minuten"},"schema":{"@context":"https:\/\/schema.org","@graph":[{"@type":"WebPage","@id":"https:\/\/haydigo.com\/nl\/voorraadbeheer-in-real-time\/","url":"https:\/\/haydigo.com\/nl\/voorraadbeheer-in-real-time\/","name":"Realtime Voorraadbeheer voor fysieke en online winkels - HaydiGO","isPartOf":{"@id":"https:\/\/haydigo.com\/nl\/#website"},"datePublished":"2021-09-25T14:18:53+00:00","dateModified":"2021-12-23T18:15:50+00:00","description":"HaydiGO's realtime voorraadbeheer-oplossing elimineert lastige situaties tussen klant en voorraad. Bekijk alle mogelijkheden!","breadcrumb":{"@id":"https:\/\/haydigo.com\/nl\/voorraadbeheer-in-real-time\/#breadcrumb"},"inLanguage":"nl","potentialAction":[{"@type":"ReadAction","target":["https:\/\/haydigo.com\/nl\/voorraadbeheer-in-real-time\/"]}]},{"@type":"BreadcrumbList","@id":"https:\/\/haydigo.com\/nl\/voorraadbeheer-in-real-time\/#breadcrumb","itemListElement":[{"@type":"ListItem","position":1,"name":"Home","item":"https:\/\/haydigo.com\/nl\/thuis\/"},{"@type":"ListItem","position":2,"name":"Voorraadbeheer in real-time"}]},{"@type":"WebSite","@id":"https:\/\/haydigo.com\/nl\/#website","url":"https:\/\/haydigo.com\/nl\/","name":"HaydiGO","description":"WMS, PIM, Channel manager","publisher":{"@id":"https:\/\/haydigo.com\/nl\/#organization"},"potentialAction":[{"@type":"SearchAction","target":{"@type":"EntryPoint","urlTemplate":"https:\/\/haydigo.com\/nl\/?s={search_term_string}"},"query-input":"required name=search_term_string"}],"inLanguage":"nl"},{"@type":"Organization","@id":"https:\/\/haydigo.com\/nl\/#organization","name":"HaydiGO B.V.","url":"https:\/\/haydigo.com\/nl\/","logo":{"@type":"ImageObject","inLanguage":"nl","@id":"https:\/\/haydigo.com\/nl\/#\/schema\/logo\/image\/","url":"https:\/\/haydigo.com\/wp-content\/uploads\/2021\/09\/haydigo_logo.png","contentUrl":"https:\/\/haydigo.com\/wp-content\/uploads\/2021\/09\/haydigo_logo.png","width":199,"height":47,"caption":"HaydiGO B.V."},"image":{"@id":"https:\/\/haydigo.com\/nl\/#\/schema\/logo\/image\/"}}]}},"_links":{"self":[{"href":"https:\/\/haydigo.com\/nl\/wp-json\/wp\/v2\/pages\/3236"}],"collection":[{"href":"https:\/\/haydigo.com\/nl\/wp-json\/wp\/v2\/pages"}],"about":[{"href":"https:\/\/haydigo.com\/nl\/wp-json\/wp\/v2\/types\/page"}],"author":[{"embeddable":true,"href":"https:\/\/haydigo.com\/nl\/wp-json\/wp\/v2\/users\/5"}],"replies":[{"embeddable":true,"href":"https:\/\/haydigo.com\/nl\/wp-json\/wp\/v2\/comments?post=3236"}],"version-history":[{"count":16,"href":"https:\/\/haydigo.com\/nl\/wp-json\/wp\/v2\/pages\/3236\/revisions"}],"predecessor-version":[{"id":244555,"href":"https:\/\/haydigo.com\/nl\/wp-json\/wp\/v2\/pages\/3236\/revisions\/244555"}],"wp:attachment":[{"href":"https:\/\/haydigo.com\/nl\/wp-json\/wp\/v2\/media?parent=3236"}],"wp:term":[{"taxonomy":"category","embeddable":true,"href":"https:\/\/haydigo.com\/nl\/wp-json\/wp\/v2\/categories?post=3236"},{"taxonomy":"post_tag","embeddable":true,"href":"https:\/\/haydigo.com\/nl\/wp-json\/wp\/v2\/tags?post=3236"}],"curies":[{"name":"wp","href":"https:\/\/api.w.org\/{rel}","templated":true}]}}