{"id":2961,"date":"2021-09-24T05:49:46","date_gmt":"2021-09-24T05:49:46","guid":{"rendered":"https:\/\/test1-multi-marketeer.nl\/?page_id=2961"},"modified":"2022-02-09T09:36:17","modified_gmt":"2022-02-09T09:36:17","slug":"integratie-bol","status":"publish","type":"page","link":"https:\/\/haydigo.com\/nl\/integratie-bol\/","title":{"rendered":"Integratie Bol.com"},"content":{"rendered":"<p>[et_pb_section fb_built=&#8221;1&#8243; _builder_version=&#8221;4.14.7&#8243; _module_preset=&#8221;default&#8221; background_image=&#8221;https:\/\/haydigo.com\/wp-content\/uploads\/2021\/09\/PIM-1.png&#8221; max_height=&#8221;370px&#8221; custom_margin=&#8221;0px||0px||false|false&#8221; custom_padding=&#8221;0px||65px||false|false&#8221; hover_enabled=&#8221;0&#8243; global_colors_info=&#8221;{}&#8221; max_height_last_edited=&#8221;on|phone&#8221; custom_padding_last_edited=&#8221;on|phone&#8221; custom_padding_phone=&#8221;0px||0px||false|false&#8221; sticky_enabled=&#8221;0&#8243; background_last_edited=&#8221;on|phone&#8221; background_position_phone=&#8221;center_left&#8221; module_class=&#8221;custom-backimg-1&#8243; max_height_tablet=&#8221;370px&#8221; max_height_phone=&#8221;370px&#8221; custom_padding_tablet=&#8221;0px||65px||false|false&#8221;][et_pb_row _builder_version=&#8221;4.14.7&#8243; _module_preset=&#8221;default&#8221; custom_padding=&#8221;111px||6px||false|false&#8221; hover_enabled=&#8221;0&#8243; global_colors_info=&#8221;{}&#8221; width_last_edited=&#8221;on|phone&#8221; width_phone=&#8221;100%&#8221; custom_padding_last_edited=&#8221;on|phone&#8221; custom_padding_phone=&#8221;50px|20px|50px|20px|false|false&#8221; sticky_enabled=&#8221;0&#8243; custom_padding_tablet=&#8221;111px||6px||false|false&#8221;][et_pb_column type=&#8221;4_4&#8243; _builder_version=&#8221;4.10.6&#8243; _module_preset=&#8221;default&#8221; global_colors_info=&#8221;{}&#8221;][et_pb_text _builder_version=&#8221;4.14.1&#8243; _module_preset=&#8221;default&#8221; text_font=&#8221;Poppins||||||||&#8221; text_text_color=&#8221;#ff8973&#8243; text_orientation=&#8221;center&#8221; custom_margin=&#8221;0px||15px||false|false&#8221; global_colors_info=&#8221;{}&#8221;]<\/p>\n<p>Feed \/ Channel Manager<\/p>\n<p>[\/et_pb_text][et_pb_text _builder_version=&#8221;4.14.7&#8243; _module_preset=&#8221;default&#8221; header_font=&#8221;Poppins||||||||&#8221; header_text_align=&#8221;center&#8221; header_text_color=&#8221;#58488A&#8221; header_font_size=&#8221;54px&#8221; custom_margin=&#8221;0px||0px||false|false&#8221; custom_padding=&#8221;0px||0px||false|false&#8221; hover_enabled=&#8221;0&#8243; global_colors_info=&#8221;{}&#8221; header_font_size_last_edited=&#8221;on|phone&#8221; header_font_size_phone=&#8221;36px&#8221; sticky_enabled=&#8221;0&#8243; header_font_size_tablet=&#8221;54px&#8221;]<\/p>\n<h1>Integratie bol.com<\/h1>\n<p>&nbsp;<\/p>\n<p>[\/et_pb_text][\/et_pb_column][\/et_pb_row][\/et_pb_section][et_pb_section fb_built=&#8221;1&#8243; custom_padding_last_edited=&#8221;on|tablet&#8221; _builder_version=&#8221;4.14.7&#8243; _module_preset=&#8221;default&#8221; background_enable_image=&#8221;off&#8221; width=&#8221;100%&#8221; width_tablet=&#8221;100%&#8221; width_phone=&#8221;100%&#8221; width_last_edited=&#8221;on|phone&#8221; max_width=&#8221;100%&#8221; custom_margin=&#8221;0px||0px||false|false&#8221; custom_padding=&#8221;|9vw||9vw|false|true&#8221; custom_padding_tablet=&#8221;|10px||10px|false|false&#8221; custom_padding_phone=&#8221;0px|20px|0px|20px|false|true&#8221; hover_enabled=&#8221;0&#8243; background_last_edited=&#8221;on|phone&#8221; background_size_phone=&#8221;initial&#8221; background_position_phone=&#8221;bottom_right&#8221; locked=&#8221;off&#8221; global_colors_info=&#8221;{}&#8221; sticky_enabled=&#8221;0&#8243;][et_pb_row _builder_version=&#8221;4.14.7&#8243; _module_preset=&#8221;default&#8221; max_width=&#8221;1585px&#8221; hover_enabled=&#8221;0&#8243; global_colors_info=&#8221;{}&#8221; custom_padding_last_edited=&#8221;on|phone&#8221; custom_padding_phone=&#8221;45px||||false|false&#8221; width_last_edited=&#8221;on|phone&#8221; width_phone=&#8221;100%&#8221; sticky_enabled=&#8221;0&#8243;][et_pb_column type=&#8221;4_4&#8243; _builder_version=&#8221;4.14.1&#8243; _module_preset=&#8221;default&#8221; global_colors_info=&#8221;{}&#8221;][et_pb_text _builder_version=&#8221;4.14.7&#8243; _module_preset=&#8221;default&#8221; text_font=&#8221;Poppins||||||||&#8221; text_line_height=&#8221;1.9em&#8221; header_text_align=&#8221;center&#8221; header_font_size=&#8221;1.95vw&#8221; header_line_height=&#8221;1.2em&#8221; width=&#8221;100%&#8221; custom_margin=&#8221;0px||0px||false|false&#8221; custom_padding=&#8221;0vw||||false|false&#8221; custom_padding_tablet=&#8221;45px||||false|false&#8221; custom_padding_phone=&#8221;0px||||false|false&#8221; custom_padding_last_edited=&#8221;on|desktop&#8221; hover_enabled=&#8221;0&#8243; header_text_align_tablet=&#8221;&#8221; header_text_align_phone=&#8221;center&#8221; header_text_align_last_edited=&#8221;on|tablet&#8221; header_font_size_tablet=&#8221;30px&#8221; header_font_size_phone=&#8221;&#8221; header_font_size_last_edited=&#8221;on|phone&#8221; locked=&#8221;off&#8221; global_colors_info=&#8221;{}&#8221; sticky_enabled=&#8221;0&#8243;]<\/p>\n<h1 style=\"color: #58488a;\">Data feed management koppeling bol.com<\/h1>\n<p>[\/et_pb_text][et_pb_text _builder_version=&#8221;4.14.1&#8243; _module_preset=&#8221;default&#8221; global_colors_info=&#8221;{}&#8221;]<\/p>\n<p style=\"text-align: left;\">Producten van jouw webshop direct verkopen op<span>\u00a0<\/span><a href=\"https:\/\/www.bol.com\/nl\/m\/zakendoen-met-bolcom\/\">bol.com<\/a>? Dan kun je een directe koppeling maken tussen jouw webshop, HaydiGO en verkoopkanalen zoals bol.com. Met onze PIM-integratie kun je producten direct plaatsen op bol.com. Je hoeft een product dus maar \u00e9\u00e9n keer toe te voegen aan het systeem en kunt vervolgens kiezen naar welke verbonden kanalen je deze wilt sturen. Handel je bestellingen afzonderlijk af? Dan kan dit ook via API met automatische orderkoppeling!<\/p>\n<p><strong>&#8211; Direct producten versturen naar verkoopkanalen<\/strong><\/p>\n<p style=\"text-align: left;\"><strong>&#8211; PIM-integratie: Product Informatie Manager<\/strong><\/p>\n<p style=\"text-align: left;\"><strong>&#8211; Wijzigingen automatisch bijgewerkt zonder import\/export<\/strong><\/p>\n<p style=\"text-align: left;\"><strong>&#8211; Geen technische kennis nodig<\/strong><\/p>\n<p style=\"text-align: left;\"><strong>&#8211; PIM, WMS, Data Feed Management, POS en Logistieke integratie in \u00e9\u00e9n systeem<\/strong><\/p>\n<p>[\/et_pb_text][et_pb_image src=&#8221;https:\/\/haydigo.com\/wp-content\/uploads\/2021\/09\/bolcom_logo_blauw_rgb-scaled-1-1-300&#215;102.jpg&#8221; title_text=&#8221;bolcom_logo_blauw_rgb-scaled-1&#8243; align=&#8221;center&#8221; _builder_version=&#8221;4.14.1&#8243; _module_preset=&#8221;default&#8221; width=&#8221;100%&#8221; custom_padding=&#8221;||0vw||false|false&#8221; global_colors_info=&#8221;{}&#8221;][\/et_pb_image][\/et_pb_column][\/et_pb_row][\/et_pb_section][et_pb_section fb_built=&#8221;1&#8243; custom_padding_last_edited=&#8221;on|tablet&#8221; _builder_version=&#8221;4.14.1&#8243; _module_preset=&#8221;default&#8221; background_color=&#8221;#eceffe&#8221; background_enable_image=&#8221;off&#8221; width=&#8221;100%&#8221; width_tablet=&#8221;100%&#8221; width_phone=&#8221;100%&#8221; width_last_edited=&#8221;on|phone&#8221; max_width=&#8221;100%&#8221; custom_margin=&#8221;||||false|false&#8221; custom_padding=&#8221;0vw|0vw|0vw|9vw|true|false&#8221; custom_padding_tablet=&#8221;|10px||10px|false|false&#8221; custom_padding_phone=&#8221;|10px||10px|false|true&#8221; top_divider_style=&#8221;slant&#8221; top_divider_color=&#8221;#FFFFFF&#8221; bottom_divider_style=&#8221;wave&#8221; bottom_divider_color=&#8221;RGBA(255,255,255,0)&#8221; bottom_divider_height=&#8221;0px&#8221; background_last_edited=&#8221;on|phone&#8221; background_size_phone=&#8221;initial&#8221; background_position_phone=&#8221;bottom_right&#8221; locked=&#8221;off&#8221; global_colors_info=&#8221;{}&#8221;][et_pb_row column_structure=&#8221;2_3,1_3&#8243; make_equal=&#8221;on&#8221; custom_padding_last_edited=&#8221;on|phone&#8221; admin_label=&#8221;Row&#8221; _builder_version=&#8221;4.14.7&#8243; _module_preset=&#8221;default&#8221; background_enable_color=&#8221;off&#8221; width=&#8221;100%&#8221; max_width=&#8221;1585px&#8221; max_width_tablet=&#8221;100%&#8221; max_width_phone=&#8221;100%&#8221; max_width_last_edited=&#8221;on|desktop&#8221; custom_margin=&#8221;||||false|false&#8221; custom_padding=&#8221;78px|0.95vw|0px|0.95vw|false|true&#8221; custom_padding_tablet=&#8221;35px|10px|0px|10px|false|true&#8221; custom_padding_phone=&#8221;50px|10px|0px|10px|false|true&#8221; hover_enabled=&#8221;0&#8243; global_colors_info=&#8221;{}&#8221; sticky_enabled=&#8221;0&#8243;][et_pb_column type=&#8221;2_3&#8243; _builder_version=&#8221;4.10.6&#8243; _module_preset=&#8221;default&#8221; global_colors_info=&#8221;{}&#8221;][et_pb_text _builder_version=&#8221;4.14.1&#8243; _module_preset=&#8221;default&#8221; text_font=&#8221;Poppins||||||||&#8221; text_line_height=&#8221;1.9em&#8221; header_text_align=&#8221;left&#8221; header_font_size=&#8221;1.95vw&#8221; header_line_height=&#8221;1.2em&#8221; width=&#8221;100%&#8221; custom_margin=&#8221;0px||0px||false|false&#8221; custom_padding=&#8221;0vw||||false|false&#8221; custom_padding_tablet=&#8221;45px||||false|false&#8221; custom_padding_phone=&#8221;45px||||false|false&#8221; custom_padding_last_edited=&#8221;on|desktop&#8221; header_text_align_tablet=&#8221;&#8221; header_text_align_phone=&#8221;center&#8221; header_text_align_last_edited=&#8221;on|tablet&#8221; header_font_size_tablet=&#8221;30px&#8221; header_font_size_phone=&#8221;&#8221; header_font_size_last_edited=&#8221;on|phone&#8221; locked=&#8221;off&#8221; global_colors_info=&#8221;{}&#8221;]<\/p>\n<h1 style=\"color: #58488a;\">Integratie met PIM, WMS en andere oplossingen<\/h1>\n<p>[\/et_pb_text][et_pb_text _builder_version=&#8221;4.14.1&#8243; _module_preset=&#8221;default&#8221; text_font=&#8221;Poppins||||||||&#8221; text_text_color=&#8221;#898595&#8243; text_line_height=&#8221;1.9em&#8221; width=&#8221;100%&#8221; custom_margin=&#8221;0.97vw||0.97vw||true|false&#8221; custom_margin_tablet=&#8221;15px||15px||false|false&#8221; custom_margin_phone=&#8221;15px||15px||true|false&#8221; custom_margin_last_edited=&#8221;on|phone&#8221; text_font_size_tablet=&#8221;18px&#8221; text_font_size_phone=&#8221;18px&#8221; text_font_size_last_edited=&#8221;on|desktop&#8221; global_colors_info=&#8221;{}&#8221;]<\/p>\n<p><span>Wanneer je gebruik maakt van HaydiGO kun je jouw systemen volledig omgooien. Waarom? Omdat HaydiGO een realtime PIM, WMS, Data Feed Manager en Logistieke modules aanbiedt binnen \u00e9\u00e9n systeem. Je beheert al deze systemen zelf binnen \u00e9\u00e9n interface en hier is geen technische kennis voor nodig. Al onze modules staan direct met elkaar verbonden zodat jij niet hoeft te wisselen tussen systemen.<\/span><\/p>\n<p>[\/et_pb_text][et_pb_text _builder_version=&#8221;4.11.1&#8243; _module_preset=&#8221;default&#8221; text_font=&#8221;Poppins||||||||&#8221; text_line_height=&#8221;1.9em&#8221; header_text_align=&#8221;left&#8221; header_font_size=&#8221;1.95vw&#8221; header_line_height=&#8221;1.2em&#8221; width=&#8221;100%&#8221; custom_margin=&#8221;0px||0px||false|false&#8221; custom_padding=&#8221;0vw||||false|false&#8221; custom_padding_tablet=&#8221;45px||||false|false&#8221; custom_padding_phone=&#8221;45px||||false|false&#8221; custom_padding_last_edited=&#8221;on|desktop&#8221; header_text_align_tablet=&#8221;&#8221; header_text_align_phone=&#8221;center&#8221; header_text_align_last_edited=&#8221;on|tablet&#8221; header_font_size_tablet=&#8221;30px&#8221; header_font_size_phone=&#8221;&#8221; header_font_size_last_edited=&#8221;on|phone&#8221; locked=&#8221;off&#8221; global_colors_info=&#8221;{}&#8221;]<\/p>\n<h1 style=\"color: #58488a;\">Winkel automatisering met bol.com<\/h1>\n<p>[\/et_pb_text][et_pb_text _builder_version=&#8221;4.14.1&#8243; _module_preset=&#8221;default&#8221; text_font=&#8221;Poppins||||||||&#8221; text_text_color=&#8221;#898595&#8243; text_line_height=&#8221;1.9em&#8221; width=&#8221;100%&#8221; custom_margin=&#8221;0.97vw||0.97vw||true|false&#8221; custom_margin_tablet=&#8221;15px||15px||false|false&#8221; custom_margin_phone=&#8221;15px||15px||true|false&#8221; custom_margin_last_edited=&#8221;on|phone&#8221; text_font_size_tablet=&#8221;18px&#8221; text_font_size_phone=&#8221;18px&#8221; text_font_size_last_edited=&#8221;on|desktop&#8221; global_colors_info=&#8221;{}&#8221;]<\/p>\n<p>Via onze PIM-integratie kun je zonder moeite jouw producten vermelden op bol.com. In onze<span>\u00a0<\/span><a href=\"https:\/\/haydigo.com\/nl\/products\/data-feed-management\/\">Data Feed Manager<\/a><span>\u00a0<\/span>zit ook de mogelijkheid in van een automatische orderkoppeling. Zo behandel je alle orders en aankopen van diverse verkoopkanalen binnen een systeem en kunnen ze direct verwerkt worden via de WMS.<\/p>\n<p>HaydiGO biedt niet alleen automatiseringen binnen de PIM en aankopen. Er zijn bijvoorbeeld diverse talen beschikbaar voor bol.com en bol.be, zodat je jouw klanten optimale informatie kunt geven. Daarnaast zijn verzendingen vanuit verschillende magazijnen met automatische mails ook met 1 klik geregeld.<\/p>\n<p>[\/et_pb_text][et_pb_text _builder_version=&#8221;4.11.1&#8243; _module_preset=&#8221;default&#8221; text_font=&#8221;Poppins||||||||&#8221; text_line_height=&#8221;1.9em&#8221; header_text_align=&#8221;left&#8221; header_font_size=&#8221;1.95vw&#8221; header_line_height=&#8221;1.2em&#8221; width=&#8221;100%&#8221; custom_margin=&#8221;0px||0px||false|false&#8221; custom_padding=&#8221;0vw||||false|false&#8221; custom_padding_tablet=&#8221;45px||||false|false&#8221; custom_padding_phone=&#8221;45px||||false|false&#8221; custom_padding_last_edited=&#8221;on|desktop&#8221; header_text_align_tablet=&#8221;&#8221; header_text_align_phone=&#8221;center&#8221; header_text_align_last_edited=&#8221;on|tablet&#8221; header_font_size_tablet=&#8221;30px&#8221; header_font_size_phone=&#8221;&#8221; header_font_size_last_edited=&#8221;on|phone&#8221; locked=&#8221;off&#8221; global_colors_info=&#8221;{}&#8221;]<\/p>\n<h1 style=\"color: #58488a;\">Verkoopkanalen koppelen met jouw webshop?<\/h1>\n<p>[\/et_pb_text][et_pb_text _builder_version=&#8221;4.14.1&#8243; _module_preset=&#8221;default&#8221; text_font=&#8221;Poppins||||||||&#8221; text_text_color=&#8221;#898595&#8243; text_line_height=&#8221;1.9em&#8221; width=&#8221;100%&#8221; custom_margin=&#8221;0.97vw||0.97vw||true|false&#8221; custom_margin_tablet=&#8221;15px||15px||false|false&#8221; custom_margin_phone=&#8221;15px||15px||true|false&#8221; custom_margin_last_edited=&#8221;on|phone&#8221; text_font_size_tablet=&#8221;18px&#8221; text_font_size_phone=&#8221;18px&#8221; text_font_size_last_edited=&#8221;on|desktop&#8221; global_colors_info=&#8221;{}&#8221;]<\/p>\n<p>HaydiGO helpt je graag met het optimaliseren van jouw bol.com feed. Een koppeling met jouw webshop en bol.com is nog nooit zo makkelijk geweest. Nooit meer handmatig iets hoeven in te voeren met een van de meest effici\u00ebnte systemen voor (web)winkels!<\/p>\n<p>Neem<span>\u00a0<\/span><a href=\"https:\/\/haydigo.com\/nl\/contact\/\">contact<\/a><span>\u00a0<\/span>op met ons team voor de mogelijkheden.<\/p>\n<p>[\/et_pb_text][\/et_pb_column][et_pb_column type=&#8221;1_3&#8243; _builder_version=&#8221;4.14.7&#8243; _module_preset=&#8221;default&#8221; hover_enabled=&#8221;0&#8243; global_colors_info=&#8221;{}&#8221; module_class=&#8221;custom-ware-col-1&#8243; sticky_enabled=&#8221;0&#8243;][et_pb_image src=&#8221;https:\/\/haydigo.com\/wp-content\/uploads\/2021\/09\/8.png&#8221; title_text=&#8221;8&#8243; show_bottom_space=&#8221;off&#8221; _builder_version=&#8221;4.10.6&#8243; _module_preset=&#8221;default&#8221; width=&#8221;100%&#8221; max_width=&#8221;100%&#8221; min_height=&#8221;506.6px&#8221; custom_margin=&#8221;||||false|false&#8221; custom_padding=&#8221;|0px||||&#8221; global_colors_info=&#8221;{}&#8221;][\/et_pb_image][\/et_pb_column][\/et_pb_row][\/et_pb_section]<\/p>\n","protected":false},"excerpt":{"rendered":"<p>Feed \/ Channel ManagerIntegratie bol.com &nbsp;Data feed management koppeling bol.comProducten van jouw webshop direct verkopen op\u00a0bol.com? Dan kun je een directe koppeling maken tussen jouw webshop, HaydiGO en verkoopkanalen zoals bol.com. Met onze PIM-integratie kun je producten direct plaatsen op bol.com. Je hoeft een product dus maar \u00e9\u00e9n keer toe te voegen aan het systeem [&hellip;]<\/p>\n","protected":false},"author":5,"featured_media":0,"parent":0,"menu_order":0,"comment_status":"closed","ping_status":"closed","template":"","meta":{"_et_pb_use_builder":"on","_et_pb_old_content":"","_et_gb_content_width":"","content-type":""},"categories":[],"tags":[],"yoast_head":"<!-- This site is optimized with the Yoast SEO Premium plugin v19.7 (Yoast SEO v19.14) - https:\/\/yoast.com\/wordpress\/plugins\/seo\/ -->\n<title>Data Feed Manager Integratie met jouw webshop &amp; bol.com - HaydiGO<\/title>\n<meta name=\"description\" content=\"Producten van jouw webshop verkopen op bol.com? Met een Data Feed Manager koppeling tussen bol.com en jouw webshop kun je snel verkopen!\" \/>\n<meta name=\"robots\" content=\"index, follow, max-snippet:-1, max-image-preview:large, max-video-preview:-1\" \/>\n<link rel=\"canonical\" href=\"https:\/\/haydigo.com\/nl\/integratie-bol\/\" \/>\n<meta property=\"og:locale\" content=\"nl_NL\" \/>\n<meta property=\"og:type\" content=\"article\" \/>\n<meta property=\"og:title\" content=\"Integratie Bol.com\" \/>\n<meta property=\"og:description\" content=\"Producten van jouw webshop verkopen op bol.com? Met een Data Feed Manager koppeling tussen bol.com en jouw webshop kun je snel verkopen!\" \/>\n<meta property=\"og:url\" content=\"https:\/\/haydigo.com\/nl\/integratie-bol\/\" \/>\n<meta property=\"og:site_name\" content=\"HaydiGO\" \/>\n<meta property=\"article:modified_time\" content=\"2022-02-09T09:36:17+00:00\" \/>\n<meta name=\"twitter:card\" content=\"summary_large_image\" \/>\n<meta name=\"twitter:label1\" content=\"Geschatte leestijd\" \/>\n\t<meta name=\"twitter:data1\" content=\"8 minuten\" \/>\n<script type=\"application\/ld+json\" class=\"yoast-schema-graph\">{\"@context\":\"https:\/\/schema.org\",\"@graph\":[{\"@type\":\"WebPage\",\"@id\":\"https:\/\/haydigo.com\/nl\/integratie-bol\/\",\"url\":\"https:\/\/haydigo.com\/nl\/integratie-bol\/\",\"name\":\"Data Feed Manager Integratie met jouw webshop & bol.com - HaydiGO\",\"isPartOf\":{\"@id\":\"https:\/\/haydigo.com\/nl\/#website\"},\"datePublished\":\"2021-09-24T05:49:46+00:00\",\"dateModified\":\"2022-02-09T09:36:17+00:00\",\"description\":\"Producten van jouw webshop verkopen op bol.com? Met een Data Feed Manager koppeling tussen bol.com en jouw webshop kun je snel verkopen!\",\"breadcrumb\":{\"@id\":\"https:\/\/haydigo.com\/nl\/integratie-bol\/#breadcrumb\"},\"inLanguage\":\"nl\",\"potentialAction\":[{\"@type\":\"ReadAction\",\"target\":[\"https:\/\/haydigo.com\/nl\/integratie-bol\/\"]}]},{\"@type\":\"BreadcrumbList\",\"@id\":\"https:\/\/haydigo.com\/nl\/integratie-bol\/#breadcrumb\",\"itemListElement\":[{\"@type\":\"ListItem\",\"position\":1,\"name\":\"Home\",\"item\":\"https:\/\/haydigo.com\/nl\/thuis\/\"},{\"@type\":\"ListItem\",\"position\":2,\"name\":\"Integratie Bol.com\"}]},{\"@type\":\"WebSite\",\"@id\":\"https:\/\/haydigo.com\/nl\/#website\",\"url\":\"https:\/\/haydigo.com\/nl\/\",\"name\":\"HaydiGO\",\"description\":\"WMS, PIM, Channel manager\",\"publisher\":{\"@id\":\"https:\/\/haydigo.com\/nl\/#organization\"},\"potentialAction\":[{\"@type\":\"SearchAction\",\"target\":{\"@type\":\"EntryPoint\",\"urlTemplate\":\"https:\/\/haydigo.com\/nl\/?s={search_term_string}\"},\"query-input\":\"required name=search_term_string\"}],\"inLanguage\":\"nl\"},{\"@type\":\"Organization\",\"@id\":\"https:\/\/haydigo.com\/nl\/#organization\",\"name\":\"HaydiGO B.V.\",\"url\":\"https:\/\/haydigo.com\/nl\/\",\"logo\":{\"@type\":\"ImageObject\",\"inLanguage\":\"nl\",\"@id\":\"https:\/\/haydigo.com\/nl\/#\/schema\/logo\/image\/\",\"url\":\"https:\/\/haydigo.com\/wp-content\/uploads\/2021\/09\/haydigo_logo.png\",\"contentUrl\":\"https:\/\/haydigo.com\/wp-content\/uploads\/2021\/09\/haydigo_logo.png\",\"width\":199,\"height\":47,\"caption\":\"HaydiGO B.V.\"},\"image\":{\"@id\":\"https:\/\/haydigo.com\/nl\/#\/schema\/logo\/image\/\"}}]}<\/script>\n<!-- \/ Yoast SEO Premium plugin. -->","yoast_head_json":{"title":"Data Feed Manager Integratie met jouw webshop & bol.com - HaydiGO","description":"Producten van jouw webshop verkopen op bol.com? Met een Data Feed Manager koppeling tussen bol.com en jouw webshop kun je snel verkopen!","robots":{"index":"index","follow":"follow","max-snippet":"max-snippet:-1","max-image-preview":"max-image-preview:large","max-video-preview":"max-video-preview:-1"},"canonical":"https:\/\/haydigo.com\/nl\/integratie-bol\/","og_locale":"nl_NL","og_type":"article","og_title":"Integratie Bol.com","og_description":"Producten van jouw webshop verkopen op bol.com? Met een Data Feed Manager koppeling tussen bol.com en jouw webshop kun je snel verkopen!","og_url":"https:\/\/haydigo.com\/nl\/integratie-bol\/","og_site_name":"HaydiGO","article_modified_time":"2022-02-09T09:36:17+00:00","twitter_card":"summary_large_image","twitter_misc":{"Geschatte leestijd":"8 minuten"},"schema":{"@context":"https:\/\/schema.org","@graph":[{"@type":"WebPage","@id":"https:\/\/haydigo.com\/nl\/integratie-bol\/","url":"https:\/\/haydigo.com\/nl\/integratie-bol\/","name":"Data Feed Manager Integratie met jouw webshop & bol.com - HaydiGO","isPartOf":{"@id":"https:\/\/haydigo.com\/nl\/#website"},"datePublished":"2021-09-24T05:49:46+00:00","dateModified":"2022-02-09T09:36:17+00:00","description":"Producten van jouw webshop verkopen op bol.com? Met een Data Feed Manager koppeling tussen bol.com en jouw webshop kun je snel verkopen!","breadcrumb":{"@id":"https:\/\/haydigo.com\/nl\/integratie-bol\/#breadcrumb"},"inLanguage":"nl","potentialAction":[{"@type":"ReadAction","target":["https:\/\/haydigo.com\/nl\/integratie-bol\/"]}]},{"@type":"BreadcrumbList","@id":"https:\/\/haydigo.com\/nl\/integratie-bol\/#breadcrumb","itemListElement":[{"@type":"ListItem","position":1,"name":"Home","item":"https:\/\/haydigo.com\/nl\/thuis\/"},{"@type":"ListItem","position":2,"name":"Integratie Bol.com"}]},{"@type":"WebSite","@id":"https:\/\/haydigo.com\/nl\/#website","url":"https:\/\/haydigo.com\/nl\/","name":"HaydiGO","description":"WMS, PIM, Channel manager","publisher":{"@id":"https:\/\/haydigo.com\/nl\/#organization"},"potentialAction":[{"@type":"SearchAction","target":{"@type":"EntryPoint","urlTemplate":"https:\/\/haydigo.com\/nl\/?s={search_term_string}"},"query-input":"required name=search_term_string"}],"inLanguage":"nl"},{"@type":"Organization","@id":"https:\/\/haydigo.com\/nl\/#organization","name":"HaydiGO B.V.","url":"https:\/\/haydigo.com\/nl\/","logo":{"@type":"ImageObject","inLanguage":"nl","@id":"https:\/\/haydigo.com\/nl\/#\/schema\/logo\/image\/","url":"https:\/\/haydigo.com\/wp-content\/uploads\/2021\/09\/haydigo_logo.png","contentUrl":"https:\/\/haydigo.com\/wp-content\/uploads\/2021\/09\/haydigo_logo.png","width":199,"height":47,"caption":"HaydiGO B.V."},"image":{"@id":"https:\/\/haydigo.com\/nl\/#\/schema\/logo\/image\/"}}]}},"_links":{"self":[{"href":"https:\/\/haydigo.com\/nl\/wp-json\/wp\/v2\/pages\/2961"}],"collection":[{"href":"https:\/\/haydigo.com\/nl\/wp-json\/wp\/v2\/pages"}],"about":[{"href":"https:\/\/haydigo.com\/nl\/wp-json\/wp\/v2\/types\/page"}],"author":[{"embeddable":true,"href":"https:\/\/haydigo.com\/nl\/wp-json\/wp\/v2\/users\/5"}],"replies":[{"embeddable":true,"href":"https:\/\/haydigo.com\/nl\/wp-json\/wp\/v2\/comments?post=2961"}],"version-history":[{"count":12,"href":"https:\/\/haydigo.com\/nl\/wp-json\/wp\/v2\/pages\/2961\/revisions"}],"predecessor-version":[{"id":245411,"href":"https:\/\/haydigo.com\/nl\/wp-json\/wp\/v2\/pages\/2961\/revisions\/245411"}],"wp:attachment":[{"href":"https:\/\/haydigo.com\/nl\/wp-json\/wp\/v2\/media?parent=2961"}],"wp:term":[{"taxonomy":"category","embeddable":true,"href":"https:\/\/haydigo.com\/nl\/wp-json\/wp\/v2\/categories?post=2961"},{"taxonomy":"post_tag","embeddable":true,"href":"https:\/\/haydigo.com\/nl\/wp-json\/wp\/v2\/tags?post=2961"}],"curies":[{"name":"wp","href":"https:\/\/api.w.org\/{rel}","templated":true}]}}